{"id":7091,"date":"2026-01-18T20:36:05","date_gmt":"2026-01-18T19:36:05","guid":{"rendered":"https:\/\/lamacelleria.net\/?post_type=product&#038;p=7091"},"modified":"2026-01-18T20:36:05","modified_gmt":"2026-01-18T19:36:05","slug":"butcher-paper-holy-smoke","status":"publish","type":"product","link":"https:\/\/www.lamacelleria.net\/?product=butcher-paper-holy-smoke","title":{"rendered":"BUTCHER PAPER HOLY SMOKE"},"content":{"rendered":"<h2>BUTCHER PAPER HOLY SMOKE<\/h2>\n<h3>Non chiamatela semplicemente carta.. lei \u00e8 LA CARTA!<\/h3>\n<h3>Viene utilizzata nelle principali preparazioni BBQ, come Brisket, Beef Ribs e Pulled Pork.<\/h3>\n<h3>Questa carta aiuta la carne durante il foil a mantenere la giusta umidit\u00e0 e succosit\u00e0 ma anche, grazie alla sua elevata capacit\u00e0 traspirante, a mantenere il bark in perfette condizioni!<\/h3>\n<h3>Molto elegante nell&#8217;estetica, la potete utilizzare anche come semplice carta assorbente da mettere sotto alle vostre preparazioni.<\/h3>\n<h3>Da provare assolutamente..non ve ne pentirete!!<\/h3>\n<h3><\/h3>\n","protected":false},"excerpt":{"rendered":"<p>&nbsp;<\/p>\n<h2>Prezzo di listino \u20ac 25,00<\/h2>\n<hr \/>\n<h3>Lunghezza rotolo: 23mt<\/h3>\n<h3>Larghezza: 45 cm<\/h3>\n","protected":false},"featured_media":7089,"comment_status":"open","ping_status":"closed","template":"","meta":[],"product_brand":[],"product_cat":[672,1815],"product_tag":[1817,1379,1816],"class_list":{"0":"post-7091","1":"product","2":"type-product","3":"status-publish","4":"has-post-thumbnail","6":"product_cat-accessori-bbq","7":"product_cat-butcher-paper-holy-smoke","8":"product_tag-bbq","9":"product_tag-butcher-paper","10":"product_tag-holy-smoke","12":"first","13":"instock","14":"taxable","15":"shipping-taxable","16":"purchasable","17":"product-type-simple"},"_links":{"self":[{"href":"https:\/\/www.lamacelleria.net\/index.php?rest_route=\/wp\/v2\/product\/7091","targetHints":{"allow":["GET"]}}],"collection":[{"href":"https:\/\/www.lamacelleria.net\/index.php?rest_route=\/wp\/v2\/product"}],"about":[{"href":"https:\/\/www.lamacelleria.net\/index.php?rest_route=\/wp\/v2\/types\/product"}],"replies":[{"embeddable":true,"href":"https:\/\/www.lamacelleria.net\/index.php?rest_route=%2Fwp%2Fv2%2Fcomments&post=7091"}],"wp:featuredmedia":[{"embeddable":true,"href":"https:\/\/www.lamacelleria.net\/index.php?rest_route=\/wp\/v2\/media\/7089"}],"wp:attachment":[{"href":"https:\/\/www.lamacelleria.net\/index.php?rest_route=%2Fwp%2Fv2%2Fmedia&parent=7091"}],"wp:term":[{"taxonomy":"product_brand","embeddable":true,"href":"https:\/\/www.lamacelleria.net\/index.php?rest_route=%2Fwp%2Fv2%2Fproduct_brand&post=7091"},{"taxonomy":"product_cat","embeddable":true,"href":"https:\/\/www.lamacelleria.net\/index.php?rest_route=%2Fwp%2Fv2%2Fproduct_cat&post=7091"},{"taxonomy":"product_tag","embeddable":true,"href":"https:\/\/www.lamacelleria.net\/index.php?rest_route=%2Fwp%2Fv2%2Fproduct_tag&post=7091"}],"curies":[{"name":"wp","href":"https:\/\/api.w.org\/{rel}","templated":true}]}}