{"id":4809,"date":"2022-02-01T17:22:51","date_gmt":"2022-02-01T16:22:51","guid":{"rendered":"https:\/\/lamacelleria.net\/?post_type=product&#038;p=4809"},"modified":"2026-01-18T21:00:46","modified_gmt":"2026-01-18T20:00:46","slug":"butcher-paper-traeger","status":"publish","type":"product","link":"https:\/\/www.lamacelleria.net\/?product=butcher-paper-traeger","title":{"rendered":"BUTCHER PAPER TRAEGER"},"content":{"rendered":"<h2>BUTCHER PAPER TRAEGER<\/h2>\n<h3>Non chiamatela semplicemente carta.. lei \u00e8 LA CARTA!<\/h3>\n<h3>Viene utilizzata nelle principali preparazioni BBQ, come Brisket, Beef Ribs e Pulled Pork.<\/h3>\n<h3>Questa carta aiuta la carne durante il foil a mantenere la giusta umidit\u00e0 e succosit\u00e0 ma anche, grazie alla sua elevata capacit\u00e0 traspirante, a mantenere il bark in perfette condizioni!<\/h3>\n<h3>Molto elegante nell&#8217;estetica, la potete utilizzare anche come semplice carta assorbente da mettere sotto alle vostre preparazioni.<\/h3>\n<h3>Da provare assolutamente..non ve ne pentirete!!<\/h3>\n<p>&nbsp;<\/p>\n<hr \/>\n<p>&nbsp;<\/p>\n<h3>Potrebbe interessarti anche:<\/h3>\n<h3><span style=\"color: #ff0000;\"><a style=\"color: #ff0000;\" href=\"https:\/\/www.lamacelleria.net\/prodotto\/sonda-ibt-2x-inkbird\/\">Sonda IBT-2X Inkbird<\/a><\/span><\/h3>\n<h3><span style=\"color: #ff0000;\"><a style=\"color: #ff0000;\" href=\"https:\/\/www.lamacelleria.net\/prodotto\/termometro-iht-1p-inkbird\/\">Termometro IHT-1P INKBIRD<\/a><\/span><\/h3>\n<p>&nbsp;<\/p>\n","protected":false},"excerpt":{"rendered":"<h2>Prezzo di listino \u20ac 55,00<\/h2>\n<hr \/>\n<h3>Lunghezza rotolo: 50mt<\/h3>\n<h3>Larghezza: 45,7cm<\/h3>\n<h3>FDA Approved<\/h3>\n","protected":false},"featured_media":4807,"comment_status":"open","ping_status":"closed","template":"","meta":[],"product_brand":[],"product_cat":[672,1378],"product_tag":[1379,1380],"class_list":{"0":"post-4809","1":"product","2":"type-product","3":"status-publish","4":"has-post-thumbnail","6":"product_cat-accessori-bbq","7":"product_cat-butcher-paper-traeger","8":"product_tag-butcher-paper","9":"product_tag-traeger","11":"first","12":"instock","13":"taxable","14":"shipping-taxable","15":"purchasable","16":"product-type-simple"},"_links":{"self":[{"href":"https:\/\/www.lamacelleria.net\/index.php?rest_route=\/wp\/v2\/product\/4809","targetHints":{"allow":["GET"]}}],"collection":[{"href":"https:\/\/www.lamacelleria.net\/index.php?rest_route=\/wp\/v2\/product"}],"about":[{"href":"https:\/\/www.lamacelleria.net\/index.php?rest_route=\/wp\/v2\/types\/product"}],"replies":[{"embeddable":true,"href":"https:\/\/www.lamacelleria.net\/index.php?rest_route=%2Fwp%2Fv2%2Fcomments&post=4809"}],"wp:featuredmedia":[{"embeddable":true,"href":"https:\/\/www.lamacelleria.net\/index.php?rest_route=\/wp\/v2\/media\/4807"}],"wp:attachment":[{"href":"https:\/\/www.lamacelleria.net\/index.php?rest_route=%2Fwp%2Fv2%2Fmedia&parent=4809"}],"wp:term":[{"taxonomy":"product_brand","embeddable":true,"href":"https:\/\/www.lamacelleria.net\/index.php?rest_route=%2Fwp%2Fv2%2Fproduct_brand&post=4809"},{"taxonomy":"product_cat","embeddable":true,"href":"https:\/\/www.lamacelleria.net\/index.php?rest_route=%2Fwp%2Fv2%2Fproduct_cat&post=4809"},{"taxonomy":"product_tag","embeddable":true,"href":"https:\/\/www.lamacelleria.net\/index.php?rest_route=%2Fwp%2Fv2%2Fproduct_tag&post=4809"}],"curies":[{"name":"wp","href":"https:\/\/api.w.org\/{rel}","templated":true}]}}