{"id":2904,"date":"2021-03-24T16:39:47","date_gmt":"2021-03-24T15:39:47","guid":{"rendered":"https:\/\/lamacelleria.net\/?post_type=product&#038;p=2904"},"modified":"2021-06-09T16:48:24","modified_gmt":"2021-06-09T14:48:24","slug":"diaframma-wagyu-blackstone","status":"publish","type":"product","link":"https:\/\/www.lamacelleria.net\/?product=diaframma-wagyu-blackstone","title":{"rendered":"DIAFRAMMA WAGYU BLACKSTONE"},"content":{"rendered":"<h1>DIAFRAMMA WAGYU BLACKSTONE<\/h1>\n<p><img loading=\"lazy\" decoding=\"async\" class=\"alignnone size-full wp-image-734\" src=\"https:\/\/www.lamacelleria.net\/wp-content\/uploads\/2020\/02\/blackstone.png\" alt=\"blackstone wagyu logo\" width=\"200\" height=\"200\" srcset=\"https:\/\/www.lamacelleria.net\/wp-content\/uploads\/2020\/02\/blackstone-66x66.png 66w, https:\/\/www.lamacelleria.net\/wp-content\/uploads\/2020\/02\/blackstone-100x100.png 100w, https:\/\/www.lamacelleria.net\/wp-content\/uploads\/2020\/02\/blackstone-150x150.png 150w, https:\/\/www.lamacelleria.net\/wp-content\/uploads\/2020\/02\/blackstone.png 200w\" sizes=\"auto, (max-width: 200px) 100vw, 200px\" \/><\/p>\n<h2>Il Diaframma wagyu Blackstone \u00e8 conosciuto nel mondo anglosassone come <a href=\"https:\/\/www.passionebbq.it\/diaframma-di-manzo-alla-griglia-skirt-steak\/\" target=\"_blank\" rel=\"noopener\">skirt steak<\/a> \u00e8 un taglio ricco di fibre e di sapore!<\/h2>\n<h2>Conosciuta nel sud America con il nome di &#8220;Entra\u00f1a&#8221;, il diaframma wagyu \u00e8 probabilmente uno dei tagli del manzo pi\u00f9\u00a0 ricchi di sapore, e anche se spesso viene sottovalutato perch\u00e9 \u00e8 pi\u00f9 duro di altri tagli, \u00e8 un&#8217;ottima bistecca da grigliare.<\/h2>\n<h2>Questo diaframma di wagyu \u00e8 di provenienza U.S.A. e presenta un elevato grado di marezzatura (grasso intramuscolare) rispetto alla media delle bistecche di diaframma che \u00e8 possibile trovare in macelleria.<\/h2>\n<h2>Questo grado di marezzatura \u00e8 il risultato della razza wagyu e gli conferisce ulteriore tenerezza e un sapore intenso.<\/h2>\n<p>&nbsp;<\/p>\n<hr \/>\n<p>&nbsp;<\/p>\n<h2><strong><span style=\"color: #000000;\">Provala con i nostri Rub della linea Angus&amp;Oink<\/span><\/strong><\/h2>\n<h2><span style=\"color: #ff0000;\"><a style=\"color: #ff0000;\" href=\"https:\/\/www.lamacelleria.net\/prodotto\/angusoink-moo-mami\/\">Angus&amp;Oink \u2013 MOO MAMI<\/a><\/span><\/h2>\n<h2><span style=\"color: #ff0000;\"><a style=\"color: #ff0000;\" href=\"https:\/\/www.lamacelleria.net\/prodotto\/angus-oink-montreal-steak\/\">Angus&amp;Oink \u2013 MONTREAL STEAK<\/a><\/span><\/h2>\n","protected":false},"excerpt":{"rendered":"<h2>Prezzo di listino \u20ac 42,00 al Kg<\/h2>\n<h2><span style=\"color: #ff0000;\">SPEDIZIONE GRATUITA PER ORDINI SUPERIORI A \u20ac150<\/span><\/h2>\n<h2><\/h2>\n<h1><\/h1>\n","protected":false},"featured_media":2887,"comment_status":"open","ping_status":"closed","template":"","meta":[],"product_brand":[],"product_cat":[307,981],"product_tag":[309,540,980,310,972],"class_list":{"0":"post-2904","1":"product","2":"type-product","3":"status-publish","4":"has-post-thumbnail","6":"product_cat-blackstone","7":"product_cat-diaframma-blackstone","8":"product_tag-blackstone","9":"product_tag-diaframma","10":"product_tag-skirt","11":"product_tag-wagyu-americano","12":"product_tag-wagyu-blackstone","14":"first","15":"outofstock","16":"taxable","17":"shipping-taxable","18":"product-type-variable"},"_links":{"self":[{"href":"https:\/\/www.lamacelleria.net\/index.php?rest_route=\/wp\/v2\/product\/2904","targetHints":{"allow":["GET"]}}],"collection":[{"href":"https:\/\/www.lamacelleria.net\/index.php?rest_route=\/wp\/v2\/product"}],"about":[{"href":"https:\/\/www.lamacelleria.net\/index.php?rest_route=\/wp\/v2\/types\/product"}],"replies":[{"embeddable":true,"href":"https:\/\/www.lamacelleria.net\/index.php?rest_route=%2Fwp%2Fv2%2Fcomments&post=2904"}],"wp:featuredmedia":[{"embeddable":true,"href":"https:\/\/www.lamacelleria.net\/index.php?rest_route=\/wp\/v2\/media\/2887"}],"wp:attachment":[{"href":"https:\/\/www.lamacelleria.net\/index.php?rest_route=%2Fwp%2Fv2%2Fmedia&parent=2904"}],"wp:term":[{"taxonomy":"product_brand","embeddable":true,"href":"https:\/\/www.lamacelleria.net\/index.php?rest_route=%2Fwp%2Fv2%2Fproduct_brand&post=2904"},{"taxonomy":"product_cat","embeddable":true,"href":"https:\/\/www.lamacelleria.net\/index.php?rest_route=%2Fwp%2Fv2%2Fproduct_cat&post=2904"},{"taxonomy":"product_tag","embeddable":true,"href":"https:\/\/www.lamacelleria.net\/index.php?rest_route=%2Fwp%2Fv2%2Fproduct_tag&post=2904"}],"curies":[{"name":"wp","href":"https:\/\/api.w.org\/{rel}","templated":true}]}}