{"id":2558,"date":"2021-02-11T07:35:29","date_gmt":"2021-02-11T06:35:29","guid":{"rendered":"https:\/\/lamacelleria.net\/?post_type=product&#038;p=2558"},"modified":"2026-03-31T21:09:20","modified_gmt":"2026-03-31T19:09:20","slug":"fiorentina-di-black-angus-italiano","status":"publish","type":"product","link":"https:\/\/www.lamacelleria.net\/?product=fiorentina-di-black-angus-italiano","title":{"rendered":"FIORENTINA DI BLACK ANGUS ITALIANO"},"content":{"rendered":"<h2><strong>Fiorentina di Black Angus Italiano: le caratteristiche della migliore carne al mondo<\/strong><\/h2>\n<h2>La Fiorentina di Black Angus Italiano \u00e8 rinomata per la sua naturale marezzatura. La carne \u00e8 naturalmente caratterizzata da elevate infiltrazioni di grasso che donano un sapore migliore, succosit\u00e0 e una succulenza unica.<\/h2>\n<h2>La carne di Angus Italiano della macelleria di Beppe e Alberto \u00e8 certificata e sinonimo di eccellenza, l&#8217;azienda che proponiamo in vendita produce carne di manzo tenera e saporita grazie a tecniche di allevamento che soddisfano i pi\u00f9 elevati standard di qualit\u00e0 in ogni fase del processo, dal pascolo alla macellazione della carne di Angus.<\/h2>\n<h2>I Black Angus Italiani che proponiamo in vendita vengono allevati su rigogliosi pascoli all&#8217;aperto dove sono liberi di trovare le erbe pi\u00f9 dolci e selvatiche.<\/h2>\n<h2>Le loro abitudini di pascolo uniche conferiscono un profilo aromatico e una tenerezza superiore alla loro carne.<\/h2>\n<h2>E&#8217; il top per la cottura diretta sulla brace,ma si adatta ottimamente anche ai metodi pi\u00f9 specifici &#8220;American Style&#8221; come il <a href=\"https:\/\/www.passionebbq.it\/reverse-searing\/\" target=\"_blank\" rel=\"noopener\">Reverse Searing<\/a>.<\/h2>\n<h2>Ti consigliamo di provare anche la picanha di black angus e la bistecca <a href=\"https:\/\/www.lamacelleria.net\/prodotto\/tomahawk-black-angus-irlanda-grass-fed\/\">tomahawk di black angus<\/a><\/h2>\n<p>&nbsp;<\/p>\n<hr \/>\n<p><img loading=\"lazy\" decoding=\"async\" class=\"wp-image-5563 alignleft\" src=\"https:\/\/www.lamacelleria.net\/wp-content\/uploads\/2022\/07\/spedizione-300x225.png\" alt=\"\" width=\"180\" height=\"135\" srcset=\"https:\/\/www.lamacelleria.net\/wp-content\/uploads\/2022\/07\/spedizione-300x225.png 300w, https:\/\/www.lamacelleria.net\/wp-content\/uploads\/2022\/07\/spedizione.png 400w\" sizes=\"auto, (max-width: 180px) 100vw, 180px\" \/><\/p>\n<p>Per rispettare il mantenimento della catena del freddo, tutti i prodotti vengono confezionati sottovuoto, in isobox con cuscinetti di ghiaccio e spediti tramite corriere espresso. Nella maggior parte dei casi le consegne avvengono in 24\/48 ore dal momento in cui viene affidata al corriere. Per il sud Italia, le isole e alcune province (nelle quali il corriere consegna solo in determinati giorni settimanali) \u00e8 probabile che la merce venga consegnata qualche giorno dopo.<\/p>\n<p>&nbsp;<\/p>\n<hr \/>\n<p>&nbsp;<\/p>\n<p><img loading=\"lazy\" decoding=\"async\" class=\"alignnone wp-image-5529 aligncenter\" src=\"https:\/\/www.lamacelleria.net\/wp-content\/uploads\/2022\/07\/bbq-zone-300x211.jpg\" alt=\"\" width=\"230\" height=\"162\" srcset=\"https:\/\/www.lamacelleria.net\/wp-content\/uploads\/2022\/07\/bbq-zone-300x211.jpg 300w, https:\/\/www.lamacelleria.net\/wp-content\/uploads\/2022\/07\/bbq-zone.jpg 425w\" sizes=\"auto, (max-width: 230px) 100vw, 230px\" \/><\/p>\n<h2>ENTRA NELLA NOSTRA\u00a0<em><strong><a href=\"https:\/\/www.lamacelleria.net\/area-riservata\/\"><span style=\"color: #ff0000;\">AREA RISERVATA<\/span><\/a><\/strong><\/em>\u00a0PER SCOPRIRE TUTTE LE RICETTE PER VALORIZZARE AL MEGLIO I TAGLI DI CARNE<\/h2>\n<p>&nbsp;<\/p>\n","protected":false},"excerpt":{"rendered":"<h3><span style=\"color: #ff0000;\"><em><strong>&#x2705;\u00a0<\/strong><\/em><em><strong>SPEDIZIONE GRATUITA <\/strong><\/em><\/span>PER ORDINI SUPERIORI A 149 EURO<\/h3>\n<h3><span style=\"color: #ff0000;\"><em><strong>&#x2705; <\/strong><\/em><\/span><em><strong>MANTENIMENTO GARANTITO DELLA CATENA DEL FREDDO<\/strong><\/em><\/h3>\n<h3><span style=\"color: #ff0000;\"><em><strong>&#x2705; <\/strong><\/em><\/span><em><strong>PAGAMENTI <\/strong><\/em>SICURI<\/h3>\n<h3><span style=\"color: #ff0000;\"><em><strong>&#x2705; <\/strong><\/em><\/span><em><strong>ASSISTENZA <\/strong><\/em>DIRETTA PRIMA E DOPO L&#8217;ACQUISTO<\/h3>\n<h2><\/h2>\n","protected":false},"featured_media":2552,"comment_status":"open","ping_status":"closed","template":"","meta":[],"product_brand":[],"product_cat":[30,1829,935],"product_tag":[937,695,277,764],"class_list":{"0":"post-2558","1":"product","2":"type-product","3":"status-publish","4":"has-post-thumbnail","6":"product_cat-black-angus","7":"product_cat-costate-e-fiorentine","8":"product_cat-italia","9":"product_tag-black-angus-italiano","10":"product_tag-carne-di-balck-angus","11":"product_tag-fiorentina","12":"product_tag-fiorentina-di-black-angus","14":"first","15":"instock","16":"taxable","17":"shipping-taxable","18":"purchasable","19":"product-type-variable"},"_links":{"self":[{"href":"https:\/\/www.lamacelleria.net\/index.php?rest_route=\/wp\/v2\/product\/2558","targetHints":{"allow":["GET"]}}],"collection":[{"href":"https:\/\/www.lamacelleria.net\/index.php?rest_route=\/wp\/v2\/product"}],"about":[{"href":"https:\/\/www.lamacelleria.net\/index.php?rest_route=\/wp\/v2\/types\/product"}],"replies":[{"embeddable":true,"href":"https:\/\/www.lamacelleria.net\/index.php?rest_route=%2Fwp%2Fv2%2Fcomments&post=2558"}],"wp:featuredmedia":[{"embeddable":true,"href":"https:\/\/www.lamacelleria.net\/index.php?rest_route=\/wp\/v2\/media\/2552"}],"wp:attachment":[{"href":"https:\/\/www.lamacelleria.net\/index.php?rest_route=%2Fwp%2Fv2%2Fmedia&parent=2558"}],"wp:term":[{"taxonomy":"product_brand","embeddable":true,"href":"https:\/\/www.lamacelleria.net\/index.php?rest_route=%2Fwp%2Fv2%2Fproduct_brand&post=2558"},{"taxonomy":"product_cat","embeddable":true,"href":"https:\/\/www.lamacelleria.net\/index.php?rest_route=%2Fwp%2Fv2%2Fproduct_cat&post=2558"},{"taxonomy":"product_tag","embeddable":true,"href":"https:\/\/www.lamacelleria.net\/index.php?rest_route=%2Fwp%2Fv2%2Fproduct_tag&post=2558"}],"curies":[{"name":"wp","href":"https:\/\/api.w.org\/{rel}","templated":true}]}}