{"id":2357,"date":"2021-01-20T17:14:35","date_gmt":"2021-01-20T16:14:35","guid":{"rendered":"https:\/\/lamacelleria.net\/?post_type=product&#038;p=2357"},"modified":"2026-04-01T12:40:31","modified_gmt":"2026-04-01T10:40:31","slug":"striploin-wagyu-a-5","status":"publish","type":"product","link":"https:\/\/www.lamacelleria.net\/?product=striploin-wagyu-a-5","title":{"rendered":"STRIPLOIN WAGYU A5"},"content":{"rendered":"<div style=\"max-width: 800px; margin: auto; font-family: Arial, sans-serif; line-height: 1.6; color: #ffffff;\">\n<h2 style=\"color: #ff4d2a; text-transform: uppercase;\">&#x1f525; Striploin Wagyu A5 Giapponese \u2013 La massima espressione della carne<\/h2>\n<p style=\"font-size: 18px;\">Lo <strong>Striploin Wagyu A5<\/strong> \u00e8 uno dei tagli pi\u00f9 pregiati al mondo.<br \/>\nParliamo di <strong>Wagyu Giapponese A5 certificato<\/strong>, il grado massimo di marezzatura esistente.<\/p>\n<p>Non \u00e8 una semplice bistecca.<br \/>\n\u00c8 <strong>Wagyu A5<\/strong> autentico, importato dal Giappone, selezionato per chi vuole il massimo.<\/p>\n<hr style=\"border: 1px solid #444; margin: 25px 0;\" \/>\n<h3 style=\"color: #ff4d2a;\">&#x2714; Perch\u00e9 scegliere il nostro Striploin Wagyu A5<\/h3>\n<ul>\n<li>Grado A5 certificato (il pi\u00f9 alto per la carne <a href=\"https:\/\/www.marcotogni.it\/carne-wagyu-a5\/\" target=\"_blank\" rel=\"noopener\">Wagyu A5<\/a>)<\/li>\n<li>Marezzatura estrema che si scioglie in bocca<\/li>\n<li>Importazione controllata dal Giappone<\/li>\n<li>Taglio striploin Wagyu Japan per veri intenditori<\/li>\n<\/ul>\n<p>Il <strong>Wagyu A5<\/strong> \u00e8 considerato la carne pi\u00f9 pregiata al mondo per consistenza, gusto e intensit\u00e0 aromatica.<\/p>\n<hr style=\"border: 1px solid #444; margin: 25px 0;\" \/>\n<h3 style=\"color: #ff4d2a;\">&#x26a0; Disponibilit\u00e0 limitata<\/h3>\n<p>Il nostro <strong>Striploin Wagyu A5 Giapponese<\/strong> non \u00e8 un prodotto sempre disponibile.<br \/>\nEssendo una <strong>carne Wagyu A5 autentica<\/strong>, i lotti sono limitati e soggetti a disponibilit\u00e0 variabile.<\/p>\n<hr style=\"border: 1px solid #444; margin: 25px 0;\" \/>\n<h3 style=\"color: #ff4d2a;\">&#x1f69a; Sicurezza totale nell\u2019acquisto<\/h3>\n<ul>\n<li>Spedizione in 24\/48h<\/li>\n<li>Confezionamento sottovuoto professionale<\/li>\n<li>Catena del freddo garantita<\/li>\n<li>Pagamenti sicuri<\/li>\n<li>Assistenza diretta prima e dopo l\u2019acquisto<\/li>\n<\/ul>\n<hr style=\"border: 1px solid #444; margin: 25px 0;\" \/>\n<h3 style=\"color: #ff4d2a;\">&#x2b50; Cosa dicono i clienti dello Striploin Wagyu A5<\/h3>\n<p style=\"font-style: italic;\">\u201cIl miglior Wagyu A5 mai assaggiato. Scioglievole, burroso, semplicemente incredibile.\u201d<\/p>\n<p>Acquistare <strong>Wagyu A5 Giapponese<\/strong> significa scegliere l\u2019eccellenza assoluta.<br \/>\nNon \u00e8 per tutti. \u00c8 per chi vuole il meglio.<\/p>\n<\/div>\n<p>&nbsp;<\/p>\n<h3>Potrebbe interessarti anche:<\/h3>\n<p><span style=\"color: #ff0000;\"><a style=\"color: #ff0000;\" href=\"https:\/\/www.lamacelleria.net\/prodotto\/fiorentina-blonde-aquitaine\/\">FIORENTINA BLONDE AQUITAINE<\/a><\/span><\/p>\n<p><span style=\"color: #ff0000;\"><a style=\"color: #ff0000;\" href=\"https:\/\/www.lamacelleria.net\/prodotto\/costata-sashi-beef\/\">COSTATA SASHI BEEF<\/a><\/span><\/p>\n<p>&nbsp;<\/p>\n<hr \/>\n<p>&nbsp;<\/p>\n<p><img loading=\"lazy\" decoding=\"async\" class=\"wp-image-5563 alignleft\" src=\"https:\/\/www.lamacelleria.net\/wp-content\/uploads\/2022\/07\/spedizione-300x225.png\" alt=\"\" width=\"180\" height=\"135\" srcset=\"https:\/\/www.lamacelleria.net\/wp-content\/uploads\/2022\/07\/spedizione-300x225.png 300w, https:\/\/www.lamacelleria.net\/wp-content\/uploads\/2022\/07\/spedizione.png 400w\" sizes=\"auto, (max-width: 180px) 100vw, 180px\" \/><\/p>\n<p>Per rispettare il mantenimento della catena del freddo, tutti i prodotti vengono confezionati sottovuoto, inseriti in isobox con cuscinetti di ghiaccio e spediti tramite corriere espresso. Nella maggior parte dei casi le consegne avvengono in 24 ore dal momento in cui viene affidata al corriere. Per il sud Italia, le isole e alcune province (nelle quali il corriere consegna solo in determinati giorni settimanali) \u00e8 probabile che la merce venga consegnata qualche giorno dopo.<\/p>\n<p>&nbsp;<\/p>\n<hr \/>\n<p>&nbsp;<\/p>\n<p>&nbsp;<\/p>\n<p><img loading=\"lazy\" decoding=\"async\" class=\"alignnone wp-image-5529 aligncenter\" src=\"https:\/\/www.lamacelleria.net\/wp-content\/uploads\/2022\/07\/bbq-zone-300x211.jpg\" alt=\"\" width=\"230\" height=\"162\" srcset=\"https:\/\/www.lamacelleria.net\/wp-content\/uploads\/2022\/07\/bbq-zone-300x211.jpg 300w, https:\/\/www.lamacelleria.net\/wp-content\/uploads\/2022\/07\/bbq-zone.jpg 425w\" sizes=\"auto, (max-width: 230px) 100vw, 230px\" \/><\/p>\n<h2>ENTRA NELLA NOSTRA\u00a0<span style=\"color: #ff0000;\"><em><strong><a style=\"color: #ff0000;\" href=\"https:\/\/www.lamacelleria.net\/area-riservata\/\">AREA RISERVATA<\/a><\/strong><\/em><\/span>\u00a0PER SCOPRIRE TUTTE LE RICETTE PER VALORIZZARE AL MEGLIO I TAGLI DI CARNE<\/h2>\n","protected":false},"excerpt":{"rendered":"<h3><span style=\"color: #ff0000;\"><em><strong>&#x2705;\u00a0<\/strong><\/em><em><strong>SPEDIZIONE GRATUITA <\/strong><\/em><\/span>PER ORDINI SUPERIORI A 149 EURO<\/h3>\n<h3><span style=\"color: #ff0000;\"><em><strong>&#x2705; <\/strong><\/em><\/span><em><strong>SPEDIZIONE REFRIGERATA 24\/48H CON GHIACCIO ALIMENTARE<\/strong><\/em><\/h3>\n<h3><span style=\"color: #ff0000;\"><em><strong>&#x2705; <\/strong><\/em><\/span><em><strong>TAGLIO SELEZIONATO FRESCO, NON DECONGELATO<\/strong><\/em><\/h3>\n<h3><span style=\"color: #ff0000;\"><em><strong>&#x2705; <\/strong><\/em><\/span><em><strong>PAGAMENTI <\/strong><\/em>SICURI<\/h3>\n<h3><span style=\"color: #ff0000;\"><em><strong>&#x2705; <\/strong><\/em><\/span><em><strong>ASSISTENZA <\/strong><\/em>DIRETTA PRIMA E DOPO L&#8217;ACQUISTO<\/h3>\n<h2><\/h2>\n","protected":false},"featured_media":7145,"comment_status":"open","ping_status":"closed","template":"","meta":[],"product_brand":[],"product_cat":[1704,116],"product_tag":[148,890,147,149],"class_list":{"0":"post-2357","1":"product","2":"type-product","3":"status-publish","4":"has-post-thumbnail","6":"product_cat-striploin-a5","7":"product_cat-wagyu-japan","8":"product_tag-japan-beef","9":"product_tag-striploin","10":"product_tag-wagyu-a5","11":"product_tag-wagyu-giapponese","13":"first","14":"instock","15":"taxable","16":"shipping-taxable","17":"purchasable","18":"product-type-variable"},"_links":{"self":[{"href":"https:\/\/www.lamacelleria.net\/index.php?rest_route=\/wp\/v2\/product\/2357","targetHints":{"allow":["GET"]}}],"collection":[{"href":"https:\/\/www.lamacelleria.net\/index.php?rest_route=\/wp\/v2\/product"}],"about":[{"href":"https:\/\/www.lamacelleria.net\/index.php?rest_route=\/wp\/v2\/types\/product"}],"replies":[{"embeddable":true,"href":"https:\/\/www.lamacelleria.net\/index.php?rest_route=%2Fwp%2Fv2%2Fcomments&post=2357"}],"wp:featuredmedia":[{"embeddable":true,"href":"https:\/\/www.lamacelleria.net\/index.php?rest_route=\/wp\/v2\/media\/7145"}],"wp:attachment":[{"href":"https:\/\/www.lamacelleria.net\/index.php?rest_route=%2Fwp%2Fv2%2Fmedia&parent=2357"}],"wp:term":[{"taxonomy":"product_brand","embeddable":true,"href":"https:\/\/www.lamacelleria.net\/index.php?rest_route=%2Fwp%2Fv2%2Fproduct_brand&post=2357"},{"taxonomy":"product_cat","embeddable":true,"href":"https:\/\/www.lamacelleria.net\/index.php?rest_route=%2Fwp%2Fv2%2Fproduct_cat&post=2357"},{"taxonomy":"product_tag","embeddable":true,"href":"https:\/\/www.lamacelleria.net\/index.php?rest_route=%2Fwp%2Fv2%2Fproduct_tag&post=2357"}],"curies":[{"name":"wp","href":"https:\/\/api.w.org\/{rel}","templated":true}]}}