{"id":2069,"date":"2020-12-03T22:07:55","date_gmt":"2020-12-03T21:07:55","guid":{"rendered":"https:\/\/lamacelleria.net\/?post_type=product&#038;p=2069"},"modified":"2026-03-03T19:27:41","modified_gmt":"2026-03-03T18:27:41","slug":"coppa-suino-per-pulled-pork","status":"publish","type":"product","link":"https:\/\/www.lamacelleria.net\/?product=coppa-suino-per-pulled-pork","title":{"rendered":"COPPA SUINO PER PULLED PORK"},"content":{"rendered":"<h1>COPPA SUINO PER PULLED PORK<\/h1>\n<h2>La coppa suino \u00e8 il taglio ideale per la preparazione del famoso Pulled Pork in puro American Style.<\/h2>\n<p>La nostra coppa \u00e8 pi\u00f9 \u201cleggera\u201d rispetto al classico Boston Butt, ma permette ugualmente di avere un risultato stupefacente con un quantitativo di carne pi\u00f9 contenuto.<\/p>\n<p>La coppa di maiale \u00e8 il taglio ideale per chi \u00e8 gi\u00e0 un esperto di BBQ, ma anche per i neofiti che decidono di cimentarsi per la prima volta in questa tipica cottura Americana.<\/p>\n<p>La coppa viene ricavata da suini certificati e rigorosamente allevati in Italia.<\/p>\n<p>Acquistate anche un RUB specifico e una bella Salsa BBQ\u00a0<a title=\"Angus&amp;Oink\" href=\"https:\/\/angusandoink.com\/collections\/all\" target=\"_blank\" rel=\"noopener\">Angus&amp;Oink<\/a>\u00a0e il risultato sar\u00e0 garantito!<\/p>\n<h2><\/h2>\n<hr \/>\n<h4>Rub e Salse BBQ specifici:<\/h4>\n<p><span style=\"color: #ff0000;\"><a style=\"color: #ff0000;\" href=\"https:\/\/www.lamacelleria.net\/prodotto\/rub-angus-oink-porky\/\">Angus&amp;Oink \u2013 PORKY<\/a><\/span><\/p>\n<p><span style=\"color: #ff0000;\"><a style=\"color: #ff0000;\" href=\"https:\/\/www.lamacelleria.net\/prodotto\/angusoink-sweet-bones-butts\/\">Angus&amp;Oink \u2013 SWEET BONES &amp; BUTTS<\/a><\/span><\/p>\n<p><span style=\"color: #ff0000;\"><a style=\"color: #ff0000;\" href=\"https:\/\/www.lamacelleria.net\/prodotto\/angus-and-oink-glazed-confused\/\">Angus&amp;Oink \u2013 GLAZED&amp;CONFUSED<\/a><\/span><\/p>\n<hr \/>\n<p>&nbsp;<\/p>\n<p><img loading=\"lazy\" decoding=\"async\" class=\"wp-image-5563 alignleft\" src=\"https:\/\/www.lamacelleria.net\/wp-content\/uploads\/2022\/07\/spedizione-300x225.png\" alt=\"\" width=\"180\" height=\"135\" srcset=\"https:\/\/www.lamacelleria.net\/wp-content\/uploads\/2022\/07\/spedizione-300x225.png 300w, https:\/\/www.lamacelleria.net\/wp-content\/uploads\/2022\/07\/spedizione.png 400w\" sizes=\"auto, (max-width: 180px) 100vw, 180px\" \/><\/p>\n<p>Per rispettare il mantenimento della catena del freddo, tutti i prodotti vengono confezionati sottovuoto, sistemati in isobox con cuscinetti di ghiaccio e spediti tramite corriere espresso. Nella maggior parte dei casi le consegne avvengono in 24 ore dal momento in cui viene affidata al corriere. Per il sud Italia, le isole e alcune province (nelle quali il corriere consegna solo in determinati giorni settimanali) \u00e8 probabile che la merce venga consegnata in 48\/72 ore.<\/p>\n<p>&nbsp;<\/p>\n<hr \/>\n<p>&nbsp;<\/p>\n<p><img loading=\"lazy\" decoding=\"async\" class=\"alignnone wp-image-5529 aligncenter\" src=\"https:\/\/www.lamacelleria.net\/wp-content\/uploads\/2022\/07\/bbq-zone-300x211.jpg\" alt=\"\" width=\"230\" height=\"162\" srcset=\"https:\/\/www.lamacelleria.net\/wp-content\/uploads\/2022\/07\/bbq-zone-300x211.jpg 300w, https:\/\/www.lamacelleria.net\/wp-content\/uploads\/2022\/07\/bbq-zone.jpg 425w\" sizes=\"auto, (max-width: 230px) 100vw, 230px\" \/><\/p>\n<h2>ENTRA NELLA NOSTRA\u00a0<span style=\"color: #ff0000;\"><em><strong><a style=\"color: #ff0000;\" href=\"https:\/\/www.lamacelleria.net\/area-riservata\/\">AREA RISERVATA<\/a><\/strong><\/em><\/span>\u00a0PER SCOPRIRE TUTTE LE RICETTE PER VALORIZZARE AL MEGLIO I TAGLI DI CARNE<\/h2>\n<hr \/>\n<hr \/>\n<h3>Peso Kg 3,000<\/h3>\n","protected":false},"excerpt":{"rendered":"<h3><span style=\"color: #ff0000;\"><em><strong>&#x2705;\u00a0<\/strong><\/em><em><strong>SPEDIZIONE GRATUITA <\/strong><\/em><\/span>PER ORDINI SUPERIORI A 149 EURO<\/h3>\n<h3><span style=\"color: #ff0000;\"><em><strong>&#x2705; <\/strong><\/em><\/span><em><strong>MANTENIMENTO GARANTITO DELLA CATENA DEL FREDDO<\/strong><\/em><\/h3>\n<h3><span style=\"color: #ff0000;\"><em><strong>&#x2705; <\/strong><\/em><\/span><em><strong>PAGAMENTI <\/strong><\/em>SICURI<\/h3>\n<h3><span style=\"color: #ff0000;\"><em><strong>&#x2705; <\/strong><\/em><\/span><em><strong>ASSISTENZA <\/strong><\/em>DIRETTA PRIMA E DOPO L&#8217;ACQUISTO<\/h3>\n<h2><\/h2>\n","protected":false},"featured_media":5624,"comment_status":"open","ping_status":"closed","template":"","meta":[],"product_brand":[],"product_cat":[784,785],"product_tag":[789,786,788,787],"class_list":{"0":"post-2069","1":"product","2":"type-product","3":"status-publish","4":"has-post-thumbnail","6":"product_cat-suino","7":"product_cat-coppa","8":"product_tag-boston-butt","9":"product_tag-coppa","10":"product_tag-coppa-per-boston-butt","11":"product_tag-coppa-suino","13":"first","14":"instock","15":"taxable","16":"shipping-taxable","17":"purchasable","18":"product-type-simple"},"_links":{"self":[{"href":"https:\/\/www.lamacelleria.net\/index.php?rest_route=\/wp\/v2\/product\/2069","targetHints":{"allow":["GET"]}}],"collection":[{"href":"https:\/\/www.lamacelleria.net\/index.php?rest_route=\/wp\/v2\/product"}],"about":[{"href":"https:\/\/www.lamacelleria.net\/index.php?rest_route=\/wp\/v2\/types\/product"}],"replies":[{"embeddable":true,"href":"https:\/\/www.lamacelleria.net\/index.php?rest_route=%2Fwp%2Fv2%2Fcomments&post=2069"}],"wp:featuredmedia":[{"embeddable":true,"href":"https:\/\/www.lamacelleria.net\/index.php?rest_route=\/wp\/v2\/media\/5624"}],"wp:attachment":[{"href":"https:\/\/www.lamacelleria.net\/index.php?rest_route=%2Fwp%2Fv2%2Fmedia&parent=2069"}],"wp:term":[{"taxonomy":"product_brand","embeddable":true,"href":"https:\/\/www.lamacelleria.net\/index.php?rest_route=%2Fwp%2Fv2%2Fproduct_brand&post=2069"},{"taxonomy":"product_cat","embeddable":true,"href":"https:\/\/www.lamacelleria.net\/index.php?rest_route=%2Fwp%2Fv2%2Fproduct_cat&post=2069"},{"taxonomy":"product_tag","embeddable":true,"href":"https:\/\/www.lamacelleria.net\/index.php?rest_route=%2Fwp%2Fv2%2Fproduct_tag&post=2069"}],"curies":[{"name":"wp","href":"https:\/\/api.w.org\/{rel}","templated":true}]}}